{"id":25,"date":"2023-09-21T18:37:32","date_gmt":"2023-09-21T16:37:32","guid":{"rendered":"https:\/\/nezlomniaobetovani.cz\/?page_id=25"},"modified":"2026-02-28T20:43:28","modified_gmt":"2026-02-28T19:43:28","slug":"tvurci","status":"publish","type":"page","link":"https:\/\/nezlomniaobetovani.cz\/2025\/tvurci\/","title":{"rendered":"Tv\u016frci"},"content":{"rendered":"<p><a href=\"https:\/\/nezlomniaobetovani.cz\/2025\/2024\/08\/31\/divadlo-vzdoru\/\">Brabec Jaroslav<\/a><br \/>\n<a href=\"https:\/\/nezlomniaobetovani.cz\/2025\/2024\/09\/29\/atentat-na-kulturu-2\/\">Chocholou\u0161ek Ladislav<\/a><br \/>\n<span style=\"font-size: 1rem;\"><a href=\"https:\/\/nezlomniaobetovani.cz\/2025\/2024\/08\/31\/the-plastic-people-of-the-universe\/\">Chytilov\u00e1 Jana<\/a><br \/>\n<\/span><span style=\"font-size: 1rem;\"><a href=\"https:\/\/nezlomniaobetovani.cz\/2025\/2024\/08\/31\/roentgenizdat\/\">Coates Stephan<\/a><br \/>\n<\/span><span style=\"font-size: 1rem;\"><a href=\"https:\/\/nezlomniaobetovani.cz\/2025\/2024\/08\/31\/plastic-people-of-the-universe\/\">De Ferrari C\u00e9sar<\/a><br \/>\n<\/span><span style=\"font-size: 1rem;\"><a href=\"https:\/\/nezlomniaobetovani.cz\/2025\/2024\/08\/31\/atentat-na-kulturu\/\">Dembi\u0144ski Miros\u0142aw<\/a><br \/>\n<\/span><span style=\"font-size: 1rem;\"><a href=\"https:\/\/nezlomniaobetovani.cz\/2025\/2024\/08\/31\/fenomen-underground-diagnoza-pz\/\">Fiedor Ji\u0159\u00ed<\/a><br \/>\n<\/span><span style=\"font-size: 1rem;\"><a href=\"https:\/\/nezlomniaobetovani.cz\/2025\/2024\/08\/31\/jarocin-proc-svoboda-jarocin-po-co-wolnosc\/\">Gajczak Marek<\/a><br \/>\n<\/span><span style=\"font-size: 1rem;\"><a href=\"https:\/\/nezlomniaobetovani.cz\/2025\/2024\/08\/31\/jarocin-proc-svoboda-jarocin-po-co-wolnosc\/\">Gnoi\u0144ski Leszek<\/a><br \/>\n<\/span><span style=\"font-size: 1rem;\"><a href=\"https:\/\/nezlomniaobetovani.cz\/2025\/2024\/08\/31\/vyjezdni-hra-die-toten-hosen-ve-vychodnim-berline-auswartsspiel-die-toten-hosen-in-ost-berlin\/\">Gross Martin<\/a><br \/>\n<\/span><span style=\"font-size: 1rem;\"><a href=\"https:\/\/nezlomniaobetovani.cz\/2025\/2024\/08\/31\/roentgenizdat\/\">Heartfield Paul<\/a><br \/>\n<\/span><span style=\"font-size: 1rem;\"><a href=\"https:\/\/nezlomniaobetovani.cz\/2025\/2024\/08\/31\/hvezdy-za-zeleznou-oponou\/\">Jir\u00e1sek Pavel<\/a><br \/>\n<\/span><span style=\"font-size: 1rem;\"><a href=\"https:\/\/nezlomniaobetovani.cz\/2025\/2024\/08\/31\/komuna\/\">Jul\u00e9ny Jakub<\/a><br \/>\n<\/span><span style=\"font-size: 1rem;\"><a href=\"https:\/\/nezlomniaobetovani.cz\/2025\/2024\/08\/31\/kamelot\/\">Ku\u010dera Karel<\/a><br \/>\n<\/span><span style=\"font-size: 1rem;\"><a href=\"https:\/\/nezlomniaobetovani.cz\/2025\/2024\/08\/31\/stripky-casu-vlasatci\/\">Ku\u010dera Miloslav<\/a><br \/>\n<\/span><span style=\"font-size: 1rem;\"><a href=\"https:\/\/nezlomniaobetovani.cz\/2025\/2024\/08\/31\/takovej-barevnej-vocas-letici-komety\/\">Ku\u010dera V\u00e1clav<\/a><br \/>\n<\/span><span style=\"font-size: 1rem;\"><a href=\"https:\/\/nezlomniaobetovani.cz\/2025\/2024\/08\/31\/2591\/\">K\u0159emen Pavel<\/a><br \/>\n<\/span><span style=\"font-size: 1rem;\"><a href=\"https:\/\/nezlomniaobetovani.cz\/2025\/2024\/08\/31\/tanec-nad-propasti\/\">Lustig Josef<\/a><br \/>\n<\/span><span style=\"font-size: 1rem;\"><a href=\"https:\/\/nezlomniaobetovani.cz\/2025\/2024\/08\/31\/rok-bez-magora\/\">Malina-Morgenstern Oliver<\/a><br \/>\n<\/span><span style=\"font-size: 1rem;\"><a href=\"https:\/\/nezlomniaobetovani.cz\/2025\/2024\/08\/31\/a-bude-hur\/\">Nikolaev Petr<\/a><br \/>\n<\/span><span style=\"font-size: 1rem;\"><a href=\"https:\/\/nezlomniaobetovani.cz\/2025\/2024\/08\/31\/fiser-alias-bondy-1-2\/\">Niub\u00f3 Jordi<\/a><br \/>\n<\/span><span style=\"font-size: 1rem;\"><a href=\"https:\/\/nezlomniaobetovani.cz\/2025\/2024\/08\/31\/evzen-mezi-nami\/\">N\u00fddrle Petr<\/a><br \/>\n<\/span><span style=\"font-size: 1rem;\"><a href=\"https:\/\/nezlomniaobetovani.cz\/2025\/2024\/08\/31\/obcan-vaclav-havel-jede-na-dovolenou\/\">Nov\u00e1k Adam<\/a><br \/>\n<\/span><span style=\"font-size: 1rem;\"><a href=\"https:\/\/nezlomniaobetovani.cz\/2025\/2024\/08\/31\/obcan-vaclav-havel-jede-na-dovolenou\/\">Nov\u00e1k Jan<\/a><br \/>\n<\/span><span style=\"font-size: 1rem;\"><a href=\"https:\/\/nezlomniaobetovani.cz\/2025\/2024\/08\/31\/krausberry-day\/\">R\u00e1kosn\u00edk Michal<\/a><br \/>\n<\/span><span style=\"font-size: 1rem;\"><a href=\"https:\/\/nezlomniaobetovani.cz\/2025\/2024\/08\/31\/radeji-zesilet-v-divocine\/\">Remo Miro<\/a><br \/>\n<\/span><span style=\"font-size: 1rem;\"><a href=\"https:\/\/nezlomniaobetovani.cz\/2025\/2024\/08\/31\/kmeny-7-10-skinheads\/\">R\u016f\u017ei\u010dka Janek<\/a><br \/>\n<\/span><span style=\"font-size: 1rem;\"><a href=\"https:\/\/nezlomniaobetovani.cz\/2025\/2024\/08\/31\/skinheads\/\">Sedl\u00e1\u010dek Robert<\/a><br \/>\n<\/span><span style=\"font-size: 1rem;\"><a href=\"https:\/\/nezlomniaobetovani.cz\/2025\/2024\/08\/31\/alternativni-kultura-zbiti-a-blazeni\/\">Slav\u00edk Petr<\/a><br \/>\n<\/span><span style=\"font-size: 1rem;\"><a href=\"https:\/\/nezlomniaobetovani.cz\/2025\/2024\/08\/31\/michael-kocab-rocker-versus-politik\/\">Sommerov\u00e1 Olga<\/a><br \/>\n<\/span><span style=\"font-size: 1rem;\"><a href=\"https:\/\/nezlomniaobetovani.cz\/2025\/2024\/08\/31\/solo-na-bici-rekonstrukce\/\">St\u00e1rek Franti\u0161ek<\/a><br \/>\n<\/span><span style=\"font-size: 1rem;\"><a href=\"https:\/\/nezlomniaobetovani.cz\/2025\/2024\/08\/31\/bigbit-15-dil-cs-beat-festivaly-hippies-sex-drogy-rocknroll\/\">Such\u00fd Zden\u011bk<\/a><br \/>\n<\/span><span style=\"font-size: 1rem;\"><a href=\"https:\/\/nezlomniaobetovani.cz\/2025\/2024\/08\/31\/king-skate\/\">\u0160afr\u00e1nek \u0160imon<\/a><br \/>\n<\/span><span style=\"font-size: 1rem;\"><a href=\"https:\/\/nezlomniaobetovani.cz\/2025\/2024\/08\/31\/expedice-bubny\/\">\u0160tingl Pavel<\/a><br \/>\n<\/span><span style=\"font-size: 1rem;\"><a href=\"https:\/\/nezlomniaobetovani.cz\/2025\/2024\/08\/31\/ciste-umeni-cystaje-mastactva-2\/\">\u0160ved Maksim<\/a><br \/>\n<\/span><span style=\"font-size: 1rem;\"><a href=\"https:\/\/nezlomniaobetovani.cz\/2025\/2024\/08\/31\/roztrhanej-rozhovor-chvilkove-zmrtvychvstani\/\">Tomaides Petr<\/a><br \/>\n<\/span><span style=\"font-size: 1rem;\"><a href=\"https:\/\/nezlomniaobetovani.cz\/2025\/2024\/08\/31\/sentimentalni-cesta-po-paradzanovove-planete-specialnaja-podoroz-po-planeti-paradzanova\/\">Tomenko Taras<\/a><\/span><span style=\"font-size: 1rem;\"><br \/>\n<\/span><span style=\"font-size: 1rem;\"><a href=\"https:\/\/nezlomniaobetovani.cz\/2025\/2024\/08\/31\/forman-vs-forman\/\">T\u0159e\u0161t\u00edkov\u00e1 Helena<\/a><br \/>\n<\/span><span style=\"font-size: 1rem;\"><a href=\"https:\/\/nezlomniaobetovani.cz\/2025\/2024\/08\/31\/domecek\/\">Urban Vlastimil<\/a><br \/>\n<\/span><span style=\"font-size: 1rem;\"><a href=\"https:\/\/nezlomniaobetovani.cz\/2025\/2024\/08\/31\/evzen-mezi-nami\/\">Vadas Martin<\/a><br \/>\n<\/span><span style=\"font-size: 1rem;\"><a href=\"https:\/\/nezlomniaobetovani.cz\/2025\/2024\/08\/31\/jachymovska-stigmata\/\">Vlachov\u00e1 Kristina<\/a><br \/>\n<\/span><span style=\"font-size: 1rem;\"><a href=\"https:\/\/nezlomniaobetovani.cz\/2025\/05\/29\/woodstock-1970-3-days-of-peace-music-usa-2019-185-min\/\">Wadleigh Michael<\/a><br \/>\n<\/span><span style=\"font-size: 1rem;\"><a href=\"https:\/\/nezlomniaobetovani.cz\/2025\/2024\/08\/31\/visaci-zamek-1982-2007\/\">Zelenka Petr<\/a><br \/>\n<\/span><a href=\"https:\/\/nezlomniaobetovani.cz\/2025\/2024\/08\/31\/jak-jsme-si-hrali-na-revoluci-how-we-played-the-revolution\/\"><span style=\"font-size: 1rem;\">Zickyte Giedre<\/span><\/a><\/p>\n","protected":false},"excerpt":{"rendered":"<p>Brabec Jaroslav Chocholou\u0161ek Ladislav Chytilov\u00e1 Jana Coates Stephan De Ferrari C\u00e9sar Dembi\u0144ski Miros\u0142aw Fiedor Ji\u0159\u00ed Gajczak Marek Gnoi\u0144ski Leszek Gross Martin Heartfield Paul Jir\u00e1sek Pavel Jul\u00e9ny Jakub Ku\u010dera Karel Ku\u010dera Miloslav Ku\u010dera V\u00e1clav K\u0159emen Pavel Lustig Josef Malina-Morgenstern Oliver Nikolaev Petr Niub\u00f3 Jordi N\u00fddrle Petr Nov\u00e1k Adam Nov\u00e1k Jan R\u00e1kosn\u00edk Michal Remo Miro R\u016f\u017ei\u010dka Janek [&hellip;]<\/p>\n","protected":false},"author":1,"featured_media":0,"parent":0,"menu_order":0,"comment_status":"closed","ping_status":"closed","template":"","meta":{"footnotes":""},"class_list":["post-25","page","type-page","status-publish","hentry"],"_links":{"self":[{"href":"https:\/\/nezlomniaobetovani.cz\/2025\/wp-json\/wp\/v2\/pages\/25","targetHints":{"allow":["GET"]}}],"collection":[{"href":"https:\/\/nezlomniaobetovani.cz\/2025\/wp-json\/wp\/v2\/pages"}],"about":[{"href":"https:\/\/nezlomniaobetovani.cz\/2025\/wp-json\/wp\/v2\/types\/page"}],"author":[{"embeddable":true,"href":"https:\/\/nezlomniaobetovani.cz\/2025\/wp-json\/wp\/v2\/users\/1"}],"replies":[{"embeddable":true,"href":"https:\/\/nezlomniaobetovani.cz\/2025\/wp-json\/wp\/v2\/comments?post=25"}],"version-history":[{"count":115,"href":"https:\/\/nezlomniaobetovani.cz\/2025\/wp-json\/wp\/v2\/pages\/25\/revisions"}],"predecessor-version":[{"id":3224,"href":"https:\/\/nezlomniaobetovani.cz\/2025\/wp-json\/wp\/v2\/pages\/25\/revisions\/3224"}],"wp:attachment":[{"href":"https:\/\/nezlomniaobetovani.cz\/2025\/wp-json\/wp\/v2\/media?parent=25"}],"curies":[{"name":"wp","href":"https:\/\/api.w.org\/{rel}","templated":true}]}}