{"id":26,"date":"2023-09-21T18:37:32","date_gmt":"2023-09-21T16:37:32","guid":{"rendered":"https:\/\/nezlomniaobetovani.cz\/?page_id=26"},"modified":"2025-10-02T11:14:46","modified_gmt":"2025-10-02T09:14:46","slug":"partneri","status":"publish","type":"page","link":"https:\/\/nezlomniaobetovani.cz\/2025\/partneri\/","title":{"rendered":"Partne\u0159i"},"content":{"rendered":"<h3 style=\"text-align: left;\"><span style=\"font-size: 1.125rem;\">Z\u00e1\u0161titu nad leto\u0161n\u00edm ro\u010dn\u00edkem festivalu p\u0159eb\u00edr\u00e1 Mgr. Kl\u00e1ra \u0160im\u00e1\u010dkov\u00e1 Lauren\u010d\u00edkov\u00e1, zmocn\u011bnkyn\u011b vl\u00e1dy pro lidsk\u00e1 pr\u00e1va, m\u00edstop\u0159edsedkyn\u011b Sen\u00e1tu \u010cesk\u00e9 republiky pan\u00ed Jitka Seitlov\u00e1 a JUDr. Ji\u0159\u00ed Posp\u00ed\u0161il, n\u00e1m\u011bstek prim\u00e1tora hl. m\u011bsta Prahy.\u00a0<\/span><\/h3>\n<p>&nbsp;<\/p>\n<p><img loading=\"lazy\" decoding=\"async\" class=\"alignnone size-large wp-image-2753\" src=\"https:\/\/nezlomniaobetovani.cz\/wp-content\/uploads\/2025\/09\/seitlova_zastita-1024x576.png\" alt=\"\" width=\"525\" height=\"295\" srcset=\"https:\/\/nezlomniaobetovani.cz\/2025\/wp-content\/uploads\/2025\/09\/seitlova_zastita-1024x576.png 1024w, https:\/\/nezlomniaobetovani.cz\/2025\/wp-content\/uploads\/2025\/09\/seitlova_zastita-300x169.png 300w, https:\/\/nezlomniaobetovani.cz\/2025\/wp-content\/uploads\/2025\/09\/seitlova_zastita-768x432.png 768w, https:\/\/nezlomniaobetovani.cz\/2025\/wp-content\/uploads\/2025\/09\/seitlova_zastita.png 1280w\" sizes=\"auto, (max-width: 525px) 100vw, 525px\" \/><\/p>\n<p><img loading=\"lazy\" decoding=\"async\" class=\"alignnone size-large wp-image-2579\" src=\"https:\/\/nezlomniaobetovani.cz\/wp-content\/uploads\/2025\/08\/zastita_mpxx-1024x576.png\" alt=\"\" width=\"525\" height=\"295\" srcset=\"https:\/\/nezlomniaobetovani.cz\/2025\/wp-content\/uploads\/2025\/08\/zastita_mpxx-1024x576.png 1024w, https:\/\/nezlomniaobetovani.cz\/2025\/wp-content\/uploads\/2025\/08\/zastita_mpxx-300x169.png 300w, https:\/\/nezlomniaobetovani.cz\/2025\/wp-content\/uploads\/2025\/08\/zastita_mpxx-768x432.png 768w, https:\/\/nezlomniaobetovani.cz\/2025\/wp-content\/uploads\/2025\/08\/zastita_mpxx.png 1280w\" sizes=\"auto, (max-width: 525px) 100vw, 525px\" \/><\/p>\n<p><img loading=\"lazy\" decoding=\"async\" class=\"alignnone size-large wp-image-2853\" src=\"https:\/\/nezlomniaobetovani.cz\/wp-content\/uploads\/2025\/10\/hlavnimesto_praha-1024x576.png\" alt=\"\" width=\"525\" height=\"295\" srcset=\"https:\/\/nezlomniaobetovani.cz\/2025\/wp-content\/uploads\/2025\/10\/hlavnimesto_praha-1024x576.png 1024w, https:\/\/nezlomniaobetovani.cz\/2025\/wp-content\/uploads\/2025\/10\/hlavnimesto_praha-300x169.png 300w, https:\/\/nezlomniaobetovani.cz\/2025\/wp-content\/uploads\/2025\/10\/hlavnimesto_praha-768x432.png 768w, https:\/\/nezlomniaobetovani.cz\/2025\/wp-content\/uploads\/2025\/10\/hlavnimesto_praha.png 1280w\" sizes=\"auto, (max-width: 525px) 100vw, 525px\" \/><\/p>\n<h3><span style=\"font-size: 1.125rem;\">Festival je realizov\u00e1n s&nbsp;finan\u010dn\u00ed podporou hl. m. Prahy<\/span><\/h3>\n<p style=\"text-align: left;\"><img loading=\"lazy\" decoding=\"async\" class=\"alignnone wp-image-2424 size-medium\" src=\"https:\/\/nezlomniaobetovani.cz\/wp-content\/uploads\/2025\/04\/logo_magistrat-300x300.png\" alt=\"\" width=\"300\" height=\"300\" srcset=\"https:\/\/nezlomniaobetovani.cz\/2025\/wp-content\/uploads\/2025\/04\/logo_magistrat-300x300.png 300w, https:\/\/nezlomniaobetovani.cz\/2025\/wp-content\/uploads\/2025\/04\/logo_magistrat-1024x1024.png 1024w, https:\/\/nezlomniaobetovani.cz\/2025\/wp-content\/uploads\/2025\/04\/logo_magistrat-150x150.png 150w, https:\/\/nezlomniaobetovani.cz\/2025\/wp-content\/uploads\/2025\/04\/logo_magistrat-768x768.png 768w, https:\/\/nezlomniaobetovani.cz\/2025\/wp-content\/uploads\/2025\/04\/logo_magistrat-1536x1536.png 1536w, https:\/\/nezlomniaobetovani.cz\/2025\/wp-content\/uploads\/2025\/04\/logo_magistrat-100x100.png 100w, https:\/\/nezlomniaobetovani.cz\/2025\/wp-content\/uploads\/2025\/04\/logo_magistrat.png 1564w\" sizes=\"auto, (max-width: 300px) 100vw, 300px\" \/><\/p>\n<p>&nbsp;<\/p>\n<h3><span style=\"font-size: 1.125rem;\">Hlavn\u00ed medi\u00e1ln\u00ed partner festivalu<\/span><\/h3>\n<h3 style=\"text-align: left;\"><img loading=\"lazy\" decoding=\"async\" class=\"size-medium wp-image-738 alignleft\" src=\"https:\/\/nezlomniaobetovani.cz\/wp-content\/uploads\/2023\/10\/Logo-Ceska-televize_vyskove-300x196.jpg\" alt=\"\" width=\"300\" height=\"196\" srcset=\"https:\/\/nezlomniaobetovani.cz\/2025\/wp-content\/uploads\/2023\/10\/Logo-Ceska-televize_vyskove-300x196.jpg 300w, https:\/\/nezlomniaobetovani.cz\/2025\/wp-content\/uploads\/2023\/10\/Logo-Ceska-televize_vyskove.jpg 752w\" sizes=\"auto, (max-width: 300px) 100vw, 300px\" \/><\/h3>\n<p>&nbsp;<br \/>\n&nbsp;<br \/>\n&nbsp;<br \/>\n&nbsp;<br \/>\n&nbsp;<br \/>\n&nbsp;<br \/>\n&nbsp;<br \/>\n&nbsp;<br \/>\n&nbsp;<br \/>\n&nbsp;<br \/>\n&nbsp;<\/p>\n<h3><span style=\"font-size: 1.125rem;\">Partne\u0159i festivalu<\/span><\/h3>\n<p><img loading=\"lazy\" decoding=\"async\" class=\"size-full wp-image-2503 alignleft\" src=\"https:\/\/nezlomniaobetovani.cz\/wp-content\/uploads\/2025\/07\/uradvlady.png\" alt=\"\" width=\"300\" height=\"169\" \/><\/p>\n<p style=\"text-align: left;\"><img loading=\"lazy\" decoding=\"async\" class=\"alignnone size-full wp-image-2538\" src=\"https:\/\/nezlomniaobetovani.cz\/wp-content\/uploads\/2025\/08\/cpforum_NA.png\" alt=\"\" width=\"300\" height=\"169\" \/><\/p>\n<p><img loading=\"lazy\" decoding=\"async\" class=\"alignnone size-full wp-image-2545\" src=\"https:\/\/nezlomniaobetovani.cz\/wp-content\/uploads\/2025\/08\/pct_na.png\" alt=\"\" width=\"300\" height=\"169\" \/><img loading=\"lazy\" decoding=\"async\" class=\"alignnone size-full wp-image-2541\" src=\"https:\/\/nezlomniaobetovani.cz\/wp-content\/uploads\/2025\/08\/pp_na.png\" alt=\"\" width=\"300\" height=\"169\" \/><img loading=\"lazy\" decoding=\"async\" class=\"alignnone size-full wp-image-2543\" src=\"https:\/\/nezlomniaobetovani.cz\/wp-content\/uploads\/2025\/08\/alza.png\" alt=\"\" width=\"300\" height=\"169\" \/><img loading=\"lazy\" decoding=\"async\" class=\"alignnone size-full wp-image-2530\" src=\"https:\/\/nezlomniaobetovani.cz\/wp-content\/uploads\/2025\/08\/senat_cr.png\" alt=\"\" width=\"300\" height=\"169\" \/><img loading=\"lazy\" decoding=\"async\" class=\"size-full wp-image-1787 alignleft\" src=\"https:\/\/nezlomniaobetovani.cz\/wp-content\/uploads\/2024\/10\/ustr-300x169-1.jpg\" alt=\"\" width=\"300\" height=\"169\" \/><img loading=\"lazy\" decoding=\"async\" class=\"alignnone size-full wp-image-2532\" src=\"https:\/\/nezlomniaobetovani.cz\/wp-content\/uploads\/2025\/08\/ua_embassy_NA.png\" alt=\"\" width=\"300\" height=\"169\" \/><img loading=\"lazy\" decoding=\"async\" class=\"alignnone size-full wp-image-2555\" src=\"https:\/\/nezlomniaobetovani.cz\/wp-content\/uploads\/2025\/08\/litva_na.png\" alt=\"\" width=\"300\" height=\"169\" \/><img loading=\"lazy\" decoding=\"async\" class=\"alignnone size-full wp-image-2531\" src=\"https:\/\/nezlomniaobetovani.cz\/wp-content\/uploads\/2025\/08\/kino_atlas_NA.png\" alt=\"\" width=\"300\" height=\"169\" \/><img loading=\"lazy\" decoding=\"async\" class=\"alignnone size-full wp-image-2504\" src=\"https:\/\/nezlomniaobetovani.cz\/wp content\/uploads\/2025\/07\/vagon_logo_nezlomniobetovani.png\" alt=\"\" width=\"300\" height=\"169\" \/><img loading=\"lazy\" decoding=\"async\" class=\"alignnone size-medium wp-image-868\" src=\"https:\/\/nezlomniaobetovani.cz\/wp-content\/uploads\/2023\/10\/echo24-300x169.jpg\" alt=\"\" width=\"300\" height=\"169\" srcset=\"https:\/\/nezlomniaobetovani.cz\/2025\/wp-content\/uploads\/2023\/10\/echo24-300x169.jpg 300w, https:\/\/nezlomniaobetovani.cz\/2025\/wp-content\/uploads\/2023\/10\/echo24-1024x576.jpg 1024w, https:\/\/nezlomniaobetovani.cz\/2025\/wp-content\/uploads\/2023\/10\/echo24-768x432.jpg 768w, https:\/\/nezlomniaobetovani.cz\/2025\/wp-content\/uploads\/2023\/10\/echo24.jpg 1280w\" sizes=\"auto, (max-width: 300px) 100vw, 300px\" \/><\/p>\n","protected":false},"excerpt":{"rendered":"<p>Z\u00e1\u0161titu nad leto\u0161n\u00edm ro\u010dn\u00edkem festivalu p\u0159eb\u00edr\u00e1 Mgr. Kl\u00e1ra \u0160im\u00e1\u010dkov\u00e1 Lauren\u010d\u00edkov\u00e1, zmocn\u011bnkyn\u011b vl\u00e1dy pro lidsk\u00e1 pr\u00e1va, m\u00edstop\u0159edsedkyn\u011b Sen\u00e1tu \u010cesk\u00e9 republiky pan\u00ed Jitka Seitlov\u00e1 a JUDr. Ji\u0159\u00ed Posp\u00ed\u0161il, n\u00e1m\u011bstek prim\u00e1tora hl. m\u011bsta Prahy.\u00a0 &nbsp; Festival je realizov\u00e1n s&nbsp;finan\u010dn\u00ed podporou hl. m. Prahy &nbsp; Hlavn\u00ed medi\u00e1ln\u00ed partner festivalu &nbsp; &nbsp; &nbsp; &nbsp; &nbsp; &nbsp; &nbsp; &nbsp; &nbsp; &nbsp; [&hellip;]<\/p>\n","protected":false},"author":1,"featured_media":0,"parent":0,"menu_order":0,"comment_status":"closed","ping_status":"closed","template":"","meta":{"footnotes":""},"class_list":["post-26","page","type-page","status-publish","hentry"],"_links":{"self":[{"href":"https:\/\/nezlomniaobetovani.cz\/2025\/wp-json\/wp\/v2\/pages\/26","targetHints":{"allow":["GET"]}}],"collection":[{"href":"https:\/\/nezlomniaobetovani.cz\/2025\/wp-json\/wp\/v2\/pages"}],"about":[{"href":"https:\/\/nezlomniaobetovani.cz\/2025\/wp-json\/wp\/v2\/types\/page"}],"author":[{"embeddable":true,"href":"https:\/\/nezlomniaobetovani.cz\/2025\/wp-json\/wp\/v2\/users\/1"}],"replies":[{"embeddable":true,"href":"https:\/\/nezlomniaobetovani.cz\/2025\/wp-json\/wp\/v2\/comments?post=26"}],"version-history":[{"count":154,"href":"https:\/\/nezlomniaobetovani.cz\/2025\/wp-json\/wp\/v2\/pages\/26\/revisions"}],"predecessor-version":[{"id":2855,"href":"https:\/\/nezlomniaobetovani.cz\/2025\/wp-json\/wp\/v2\/pages\/26\/revisions\/2855"}],"wp:attachment":[{"href":"https:\/\/nezlomniaobetovani.cz\/2025\/wp-json\/wp\/v2\/media?parent=26"}],"curies":[{"name":"wp","href":"https:\/\/api.w.org\/{rel}","templated":true}]}}