{"id":27,"date":"2023-09-21T18:37:32","date_gmt":"2023-09-21T16:37:32","guid":{"rendered":"https:\/\/nezlomniaobetovani.cz\/?page_id=27"},"modified":"2025-11-11T09:55:00","modified_gmt":"2025-11-11T08:55:00","slug":"press","status":"publish","type":"page","link":"https:\/\/nezlomniaobetovani.cz\/2025\/press\/","title":{"rendered":"Press"},"content":{"rendered":"<p><a href=\"https:\/\/nezlomniaobetovani.cz\/2025\/11\/11\/nezlomni-a-obetovani-2025-alternativni-kultura-jako-prostor-svobody-2\/\">Tiskov\u00e1 zpr\u00e1va: NEZLOMN\u00cd A OB\u011aTOVAN\u00cd 2025: ALTERNATIVN\u00cd KULTURA JAKO PROSTOR SVOBODY<\/a> (10.11.&nbsp;2025)<\/p>\n<p><a href=\"https:\/\/nezlomniaobetovani.cz\/2025\/10\/12\/nezlomni-a-obetovani-2025-alternativni-kultura-jako-prostor-svobody\/\">Tiskov\u00e1 zpr\u00e1va: Nezlomn\u00ed a ob\u011btovan\u00ed 2025 \u2013 Alternativn\u00ed kultura jako prostor svobody<\/a> (13.&nbsp;10.&nbsp;2025)<\/p>\n<p><br style=\"font-weight: 400;\" \/><br style=\"font-weight: 400;\" \/><\/p>\n<p>&nbsp;<\/p>\n","protected":false},"excerpt":{"rendered":"<p>Tiskov\u00e1 zpr\u00e1va: NEZLOMN\u00cd A OB\u011aTOVAN\u00cd 2025: ALTERNATIVN\u00cd KULTURA JAKO PROSTOR SVOBODY (10.11.&nbsp;2025) Tiskov\u00e1 zpr\u00e1va: Nezlomn\u00ed a ob\u011btovan\u00ed 2025 \u2013 Alternativn\u00ed kultura jako prostor svobody (13.&nbsp;10.&nbsp;2025) &nbsp;<\/p>\n","protected":false},"author":1,"featured_media":0,"parent":0,"menu_order":0,"comment_status":"closed","ping_status":"closed","template":"","meta":{"footnotes":""},"class_list":["post-27","page","type-page","status-publish","hentry"],"_links":{"self":[{"href":"https:\/\/nezlomniaobetovani.cz\/2025\/wp-json\/wp\/v2\/pages\/27","targetHints":{"allow":["GET"]}}],"collection":[{"href":"https:\/\/nezlomniaobetovani.cz\/2025\/wp-json\/wp\/v2\/pages"}],"about":[{"href":"https:\/\/nezlomniaobetovani.cz\/2025\/wp-json\/wp\/v2\/types\/page"}],"author":[{"embeddable":true,"href":"https:\/\/nezlomniaobetovani.cz\/2025\/wp-json\/wp\/v2\/users\/1"}],"replies":[{"embeddable":true,"href":"https:\/\/nezlomniaobetovani.cz\/2025\/wp-json\/wp\/v2\/comments?post=27"}],"version-history":[{"count":10,"href":"https:\/\/nezlomniaobetovani.cz\/2025\/wp-json\/wp\/v2\/pages\/27\/revisions"}],"predecessor-version":[{"id":3210,"href":"https:\/\/nezlomniaobetovani.cz\/2025\/wp-json\/wp\/v2\/pages\/27\/revisions\/3210"}],"wp:attachment":[{"href":"https:\/\/nezlomniaobetovani.cz\/2025\/wp-json\/wp\/v2\/media?parent=27"}],"curies":[{"name":"wp","href":"https:\/\/api.w.org\/{rel}","templated":true}]}}