{"id":8,"date":"2023-09-21T18:28:00","date_gmt":"2023-09-21T16:28:00","guid":{"rendered":"https:\/\/nezlomniaobetovani.cz\/?page_id=8"},"modified":"2024-08-07T15:19:17","modified_gmt":"2024-08-07T13:19:17","slug":"archiv","status":"publish","type":"page","link":"https:\/\/nezlomniaobetovani.cz\/2025\/archiv\/","title":{"rendered":"Archiv"},"content":{"rendered":"<p><a href=\"https:\/\/2023.nezlomniaobetovani.cz\/\">Festival Nezlomn\u00ed a ob\u011btovan\u00ed 2023<\/a><br \/>\n<a href=\"https:\/\/2022.nezlomniaobetovani.cz\/\">Festival Nezlomn\u00ed a ob\u011btovan\u00ed 2022<\/a><br \/>\n<a href=\"https:\/\/2021.nezlomniaobetovani.cz\/\">Festival Nezlomn\u00ed a ob\u011btovan\u00ed 2021<\/a><br \/>\n<a href=\"https:\/\/2020.nezlomniaobetovani.cz\/\">Festival Nezlomn\u00ed a ob\u011btovan\u00ed 2020<\/a><\/p>\n","protected":false},"excerpt":{"rendered":"<p>Festival Nezlomn\u00ed a ob\u011btovan\u00ed 2023 Festival Nezlomn\u00ed a ob\u011btovan\u00ed 2022 Festival Nezlomn\u00ed a ob\u011btovan\u00ed 2021 Festival Nezlomn\u00ed a ob\u011btovan\u00ed 2020<\/p>\n","protected":false},"author":1,"featured_media":0,"parent":0,"menu_order":0,"comment_status":"closed","ping_status":"closed","template":"","meta":{"footnotes":""},"class_list":["post-8","page","type-page","status-publish","hentry"],"_links":{"self":[{"href":"https:\/\/nezlomniaobetovani.cz\/2025\/wp-json\/wp\/v2\/pages\/8","targetHints":{"allow":["GET"]}}],"collection":[{"href":"https:\/\/nezlomniaobetovani.cz\/2025\/wp-json\/wp\/v2\/pages"}],"about":[{"href":"https:\/\/nezlomniaobetovani.cz\/2025\/wp-json\/wp\/v2\/types\/page"}],"author":[{"embeddable":true,"href":"https:\/\/nezlomniaobetovani.cz\/2025\/wp-json\/wp\/v2\/users\/1"}],"replies":[{"embeddable":true,"href":"https:\/\/nezlomniaobetovani.cz\/2025\/wp-json\/wp\/v2\/comments?post=8"}],"version-history":[{"count":4,"href":"https:\/\/nezlomniaobetovani.cz\/2025\/wp-json\/wp\/v2\/pages\/8\/revisions"}],"predecessor-version":[{"id":1274,"href":"https:\/\/nezlomniaobetovani.cz\/2025\/wp-json\/wp\/v2\/pages\/8\/revisions\/1274"}],"wp:attachment":[{"href":"https:\/\/nezlomniaobetovani.cz\/2025\/wp-json\/wp\/v2\/media?parent=8"}],"curies":[{"name":"wp","href":"https:\/\/api.w.org\/{rel}","templated":true}]}}